{"id":5238,"date":"2025-04-01T00:25:54","date_gmt":"2025-04-01T00:25:54","guid":{"rendered":"https:\/\/cacaoancestral.com\/chocolate\/?post_type=product&#038;p=5238"},"modified":"2026-03-28T02:51:18","modified_gmt":"2026-03-28T02:51:18","slug":"alma","status":"publish","type":"product","link":"https:\/\/cacaoancestral.com\/chocolate\/product\/alma\/","title":{"rendered":"Barra Alma: chocolate 82%+Nibs de macambo+sal"},"content":{"rendered":"<p><strong>ALMA \u2013 Un tributo al origen<\/strong><\/p>\n<p>La esencia misma del cacao. 82% cacao negro ancestral, potente e intenso. Nibs de cacao blanco salvaje del Amazonas, una joya ex\u00f3tica con notas cremosas y suaves. Sal de las Islas Encantadas \u2013 Gal\u00e1pagos, un toque de magia mineral que realza los sabores naturales.<\/p>\n<p>Alma es la representaci\u00f3n de la pureza del cacao en su estado m\u00e1s aut\u00e9ntico, una experiencia sensorial profunda y equilibrada.<\/p>\n","protected":false},"excerpt":{"rendered":"<p>Barra chocolate negro al 53% + Nibs de macambo + Mandarina + Sal<\/p>\n","protected":false},"featured_media":5356,"comment_status":"open","ping_status":"closed","template":"","meta":{"_uag_custom_page_level_css":"","site-sidebar-layout":"default","site-content-layout":"","ast-site-content-layout":"default","site-content-style":"default","site-sidebar-style":"default","ast-global-header-display":"","ast-banner-title-visibility":"","ast-main-header-display":"","ast-hfb-above-header-display":"","ast-hfb-below-header-display":"","ast-hfb-mobile-header-display":"","site-post-title":"","ast-breadcrumbs-content":"","ast-featured-img":"","footer-sml-layout":"","ast-disable-related-posts":"","theme-transparent-header-meta":"default","adv-header-id-meta":"","stick-header-meta":"","header-above-stick-meta":"","header-main-stick-meta":"","header-below-stick-meta":"","astra-migrate-meta-layouts":"set","ast-page-background-enabled":"default","ast-page-background-meta":{"desktop":{"background-color":"","background-image":"","background-repeat":"repeat","background-position":"center center","background-size":"auto","background-attachment":"scroll","background-type":"","background-media":"","overlay-type":"","overlay-color":"","overlay-opacity":"","overlay-gradient":""},"tablet":{"background-color":"","background-image":"","background-repeat":"repeat","background-position":"center center","background-size":"auto","background-attachment":"scroll","background-type":"","background-media":"","overlay-type":"","overlay-color":"","overlay-opacity":"","overlay-gradient":""},"mobile":{"background-color":"","background-image":"","background-repeat":"repeat","background-position":"center center","background-size":"auto","background-attachment":"scroll","background-type":"","background-media":"","overlay-type":"","overlay-color":"","overlay-opacity":"","overlay-gradient":""}},"ast-content-background-meta":{"desktop":{"background-color":"var(--ast-global-color-5)","background-image":"","background-repeat":"repeat","background-position":"center center","background-size":"auto","background-attachment":"scroll","background-type":"","background-media":"","overlay-type":"","overlay-color":"","overlay-opacity":"","overlay-gradient":""},"tablet":{"background-color":"var(--ast-global-color-5)","background-image":"","background-repeat":"repeat","background-position":"center center","background-size":"auto","background-attachment":"scroll","background-type":"","background-media":"","overlay-type":"","overlay-color":"","overlay-opacity":"","overlay-gradient":""},"mobile":{"background-color":"var(--ast-global-color-5)","background-image":"","background-repeat":"repeat","background-position":"center center","background-size":"auto","background-attachment":"scroll","background-type":"","background-media":"","overlay-type":"","overlay-color":"","overlay-opacity":"","overlay-gradient":""}}},"product_brand":[],"product_cat":[23],"product_tag":[],"class_list":{"0":"post-5238","1":"product","2":"type-product","3":"status-publish","4":"has-post-thumbnail","6":"product_cat-gourmet","7":"desktop-align-center","8":"tablet-align-center","9":"mobile-align-center","11":"first","12":"instock","13":"shipping-taxable","14":"product-type-simple"},"uagb_featured_image_src":{"full":["https:\/\/cacaoancestral.com\/chocolate\/wp-content\/uploads\/2025\/04\/Alma.jpg",1080,1080,false],"thumbnail":["https:\/\/cacaoancestral.com\/chocolate\/wp-content\/uploads\/2025\/04\/Alma-150x150.jpg",150,150,true],"medium":["https:\/\/cacaoancestral.com\/chocolate\/wp-content\/uploads\/2025\/04\/Alma-300x300.jpg",300,300,true],"medium_large":["https:\/\/cacaoancestral.com\/chocolate\/wp-content\/uploads\/2025\/04\/Alma-768x768.jpg",768,768,true],"large":["https:\/\/cacaoancestral.com\/chocolate\/wp-content\/uploads\/2025\/04\/Alma-1024x1024.jpg",1024,1024,true],"1536x1536":["https:\/\/cacaoancestral.com\/chocolate\/wp-content\/uploads\/2025\/04\/Alma.jpg",1080,1080,false],"2048x2048":["https:\/\/cacaoancestral.com\/chocolate\/wp-content\/uploads\/2025\/04\/Alma.jpg",1080,1080,false],"woocommerce_thumbnail":["https:\/\/cacaoancestral.com\/chocolate\/wp-content\/uploads\/2025\/04\/Alma-300x300.jpg",300,300,true],"woocommerce_single":["https:\/\/cacaoancestral.com\/chocolate\/wp-content\/uploads\/2025\/04\/Alma-600x600.jpg",600,600,true],"woocommerce_gallery_thumbnail":["https:\/\/cacaoancestral.com\/chocolate\/wp-content\/uploads\/2025\/04\/Alma-100x100.jpg",100,100,true]},"uagb_author_info":{"display_name":"freddydab@gmail.com","author_link":"https:\/\/cacaoancestral.com\/chocolate\/author\/"},"uagb_comment_info":1,"uagb_excerpt":"Barra chocolate negro al 53% + Nibs de macambo + Mandarina + Sal","_links":{"self":[{"href":"https:\/\/cacaoancestral.com\/chocolate\/wp-json\/wp\/v2\/product\/5238","targetHints":{"allow":["GET"]}}],"collection":[{"href":"https:\/\/cacaoancestral.com\/chocolate\/wp-json\/wp\/v2\/product"}],"about":[{"href":"https:\/\/cacaoancestral.com\/chocolate\/wp-json\/wp\/v2\/types\/product"}],"replies":[{"embeddable":true,"href":"https:\/\/cacaoancestral.com\/chocolate\/wp-json\/wp\/v2\/comments?post=5238"}],"wp:featuredmedia":[{"embeddable":true,"href":"https:\/\/cacaoancestral.com\/chocolate\/wp-json\/wp\/v2\/media\/5356"}],"wp:attachment":[{"href":"https:\/\/cacaoancestral.com\/chocolate\/wp-json\/wp\/v2\/media?parent=5238"}],"wp:term":[{"taxonomy":"product_brand","embeddable":true,"href":"https:\/\/cacaoancestral.com\/chocolate\/wp-json\/wp\/v2\/product_brand?post=5238"},{"taxonomy":"product_cat","embeddable":true,"href":"https:\/\/cacaoancestral.com\/chocolate\/wp-json\/wp\/v2\/product_cat?post=5238"},{"taxonomy":"product_tag","embeddable":true,"href":"https:\/\/cacaoancestral.com\/chocolate\/wp-json\/wp\/v2\/product_tag?post=5238"}],"curies":[{"name":"wp","href":"https:\/\/api.w.org\/{rel}","templated":true}]}}