{"id":5269,"date":"2025-04-01T17:53:15","date_gmt":"2025-04-01T17:53:15","guid":{"rendered":"https:\/\/cacaoancestral.com\/chocolate\/?post_type=product&#038;p=5269"},"modified":"2026-04-03T02:06:23","modified_gmt":"2026-04-03T02:06:23","slug":"joy-bar","status":"publish","type":"product","link":"https:\/\/cacaoancestral.com\/chocolate\/product\/joy-bar\/","title":{"rendered":"Joy Bar: Chocolate blanco+Frambuesa+Macambo+Ar\u00e1ndano"},"content":{"rendered":"<h3>La dulzura convertida en arte<\/h3>\n<p>Pensada para momentos especiales como la Navidad, D\u00eda de la Madre, D\u00eda del Amor y D\u00eda del C\u00e1ncer de Mama.<\/p>\n<p>Chocolate blanco con infusi\u00f3n de frambuesa, de un delicado tono rosa p\u00e1lido. Nibs de cacao blanco, una textura crujiente y envolvente. Ar\u00e1ndano deshidratado, un toque frutal y antioxidante.<\/p>\n<p>Christmas Joy es m\u00e1s que un chocolate, es un s\u00edmbolo de amor, salud y dulzura pura.<\/p>\n","protected":false},"excerpt":{"rendered":"<p>Chocolate blanco + infusi\u00f3n de frambuesa + Nibs de cacao blanco + Ar\u00e1ndano deshidratado<\/p>\n","protected":false},"featured_media":5363,"comment_status":"open","ping_status":"closed","template":"","meta":{"_uag_custom_page_level_css":"","site-sidebar-layout":"default","site-content-layout":"","ast-site-content-layout":"default","site-content-style":"default","site-sidebar-style":"default","ast-global-header-display":"","ast-banner-title-visibility":"","ast-main-header-display":"","ast-hfb-above-header-display":"","ast-hfb-below-header-display":"","ast-hfb-mobile-header-display":"","site-post-title":"","ast-breadcrumbs-content":"","ast-featured-img":"","footer-sml-layout":"","ast-disable-related-posts":"","theme-transparent-header-meta":"default","adv-header-id-meta":"","stick-header-meta":"","header-above-stick-meta":"","header-main-stick-meta":"","header-below-stick-meta":"","astra-migrate-meta-layouts":"set","ast-page-background-enabled":"default","ast-page-background-meta":{"desktop":{"background-color":"","background-image":"","background-repeat":"repeat","background-position":"center center","background-size":"auto","background-attachment":"scroll","background-type":"","background-media":"","overlay-type":"","overlay-color":"","overlay-opacity":"","overlay-gradient":""},"tablet":{"background-color":"","background-image":"","background-repeat":"repeat","background-position":"center center","background-size":"auto","background-attachment":"scroll","background-type":"","background-media":"","overlay-type":"","overlay-color":"","overlay-opacity":"","overlay-gradient":""},"mobile":{"background-color":"","background-image":"","background-repeat":"repeat","background-position":"center center","background-size":"auto","background-attachment":"scroll","background-type":"","background-media":"","overlay-type":"","overlay-color":"","overlay-opacity":"","overlay-gradient":""}},"ast-content-background-meta":{"desktop":{"background-color":"var(--ast-global-color-5)","background-image":"","background-repeat":"repeat","background-position":"center center","background-size":"auto","background-attachment":"scroll","background-type":"","background-media":"","overlay-type":"","overlay-color":"","overlay-opacity":"","overlay-gradient":""},"tablet":{"background-color":"var(--ast-global-color-5)","background-image":"","background-repeat":"repeat","background-position":"center center","background-size":"auto","background-attachment":"scroll","background-type":"","background-media":"","overlay-type":"","overlay-color":"","overlay-opacity":"","overlay-gradient":""},"mobile":{"background-color":"var(--ast-global-color-5)","background-image":"","background-repeat":"repeat","background-position":"center center","background-size":"auto","background-attachment":"scroll","background-type":"","background-media":"","overlay-type":"","overlay-color":"","overlay-opacity":"","overlay-gradient":""}}},"product_brand":[],"product_cat":[24],"product_tag":[],"class_list":{"0":"post-5269","1":"product","2":"type-product","3":"status-publish","4":"has-post-thumbnail","6":"product_cat-especial","7":"desktop-align-center","8":"tablet-align-center","9":"mobile-align-center","11":"first","12":"instock","13":"shipping-taxable","14":"product-type-simple"},"uagb_featured_image_src":{"full":["https:\/\/cacaoancestral.com\/chocolate\/wp-content\/uploads\/2025\/04\/JoyBar01.png",1080,1080,false],"thumbnail":["https:\/\/cacaoancestral.com\/chocolate\/wp-content\/uploads\/2025\/04\/JoyBar01-150x150.png",150,150,true],"medium":["https:\/\/cacaoancestral.com\/chocolate\/wp-content\/uploads\/2025\/04\/JoyBar01-300x300.png",300,300,true],"medium_large":["https:\/\/cacaoancestral.com\/chocolate\/wp-content\/uploads\/2025\/04\/JoyBar01-768x768.png",768,768,true],"large":["https:\/\/cacaoancestral.com\/chocolate\/wp-content\/uploads\/2025\/04\/JoyBar01-1024x1024.png",1024,1024,true],"1536x1536":["https:\/\/cacaoancestral.com\/chocolate\/wp-content\/uploads\/2025\/04\/JoyBar01.png",1080,1080,false],"2048x2048":["https:\/\/cacaoancestral.com\/chocolate\/wp-content\/uploads\/2025\/04\/JoyBar01.png",1080,1080,false],"woocommerce_thumbnail":["https:\/\/cacaoancestral.com\/chocolate\/wp-content\/uploads\/2025\/04\/JoyBar01-300x300.png",300,300,true],"woocommerce_single":["https:\/\/cacaoancestral.com\/chocolate\/wp-content\/uploads\/2025\/04\/JoyBar01-600x600.png",600,600,true],"woocommerce_gallery_thumbnail":["https:\/\/cacaoancestral.com\/chocolate\/wp-content\/uploads\/2025\/04\/JoyBar01-100x100.png",100,100,true]},"uagb_author_info":{"display_name":"freddydab@gmail.com","author_link":"https:\/\/cacaoancestral.com\/chocolate\/author\/"},"uagb_comment_info":0,"uagb_excerpt":"Chocolate blanco + infusi\u00f3n de frambuesa + Nibs de cacao blanco + Ar\u00e1ndano deshidratado","_links":{"self":[{"href":"https:\/\/cacaoancestral.com\/chocolate\/wp-json\/wp\/v2\/product\/5269","targetHints":{"allow":["GET"]}}],"collection":[{"href":"https:\/\/cacaoancestral.com\/chocolate\/wp-json\/wp\/v2\/product"}],"about":[{"href":"https:\/\/cacaoancestral.com\/chocolate\/wp-json\/wp\/v2\/types\/product"}],"replies":[{"embeddable":true,"href":"https:\/\/cacaoancestral.com\/chocolate\/wp-json\/wp\/v2\/comments?post=5269"}],"wp:featuredmedia":[{"embeddable":true,"href":"https:\/\/cacaoancestral.com\/chocolate\/wp-json\/wp\/v2\/media\/5363"}],"wp:attachment":[{"href":"https:\/\/cacaoancestral.com\/chocolate\/wp-json\/wp\/v2\/media?parent=5269"}],"wp:term":[{"taxonomy":"product_brand","embeddable":true,"href":"https:\/\/cacaoancestral.com\/chocolate\/wp-json\/wp\/v2\/product_brand?post=5269"},{"taxonomy":"product_cat","embeddable":true,"href":"https:\/\/cacaoancestral.com\/chocolate\/wp-json\/wp\/v2\/product_cat?post=5269"},{"taxonomy":"product_tag","embeddable":true,"href":"https:\/\/cacaoancestral.com\/chocolate\/wp-json\/wp\/v2\/product_tag?post=5269"}],"curies":[{"name":"wp","href":"https:\/\/api.w.org\/{rel}","templated":true}]}}