{"id":5378,"date":"2026-04-03T02:53:41","date_gmt":"2026-04-03T02:53:41","guid":{"rendered":"https:\/\/cacaoancestral.com\/chocolate\/?post_type=product&#038;p=5378"},"modified":"2026-04-03T02:55:31","modified_gmt":"2026-04-03T02:55:31","slug":"kila","status":"publish","type":"product","link":"https:\/\/cacaoancestral.com\/chocolate\/product\/kila\/","title":{"rendered":"Kila"},"content":{"rendered":"<p>Almendras de macambo, el exclusivo cacao blanco del Amazonas, recolectado y pelado manualmente por mujeres ind\u00edgenas en un proceso artesanal \u00fanico. En Ancestral aplicamos un tostado exclusivo que realza su sabor suave y cremoso, manteniendo intactas sus omegas y prote\u00ednas. El resultado: un snack crujiente y nutritivo, con un perfil sensorial que conecta tradici\u00f3n, innovaci\u00f3n y territorio. Kila es pureza ancestral transformada en experiencia \u00fanica.<\/p>\n","protected":false},"excerpt":{"rendered":"<p>Almendras de Macambo<\/p>\n","protected":false},"featured_media":5379,"comment_status":"open","ping_status":"closed","template":"","meta":{"_uag_custom_page_level_css":"","site-sidebar-layout":"default","site-content-layout":"","ast-site-content-layout":"default","site-content-style":"default","site-sidebar-style":"default","ast-global-header-display":"","ast-banner-title-visibility":"","ast-main-header-display":"","ast-hfb-above-header-display":"","ast-hfb-below-header-display":"","ast-hfb-mobile-header-display":"","site-post-title":"","ast-breadcrumbs-content":"","ast-featured-img":"","footer-sml-layout":"","ast-disable-related-posts":"","theme-transparent-header-meta":"default","adv-header-id-meta":"","stick-header-meta":"","header-above-stick-meta":"","header-main-stick-meta":"","header-below-stick-meta":"","astra-migrate-meta-layouts":"set","ast-page-background-enabled":"default","ast-page-background-meta":{"desktop":{"background-color":"","background-image":"","background-repeat":"repeat","background-position":"center center","background-size":"auto","background-attachment":"scroll","background-type":"","background-media":"","overlay-type":"","overlay-color":"","overlay-opacity":"","overlay-gradient":""},"tablet":{"background-color":"","background-image":"","background-repeat":"repeat","background-position":"center center","background-size":"auto","background-attachment":"scroll","background-type":"","background-media":"","overlay-type":"","overlay-color":"","overlay-opacity":"","overlay-gradient":""},"mobile":{"background-color":"","background-image":"","background-repeat":"repeat","background-position":"center center","background-size":"auto","background-attachment":"scroll","background-type":"","background-media":"","overlay-type":"","overlay-color":"","overlay-opacity":"","overlay-gradient":""}},"ast-content-background-meta":{"desktop":{"background-color":"var(--ast-global-color-5)","background-image":"","background-repeat":"repeat","background-position":"center center","background-size":"auto","background-attachment":"scroll","background-type":"","background-media":"","overlay-type":"","overlay-color":"","overlay-opacity":"","overlay-gradient":""},"tablet":{"background-color":"var(--ast-global-color-5)","background-image":"","background-repeat":"repeat","background-position":"center center","background-size":"auto","background-attachment":"scroll","background-type":"","background-media":"","overlay-type":"","overlay-color":"","overlay-opacity":"","overlay-gradient":""},"mobile":{"background-color":"var(--ast-global-color-5)","background-image":"","background-repeat":"repeat","background-position":"center center","background-size":"auto","background-attachment":"scroll","background-type":"","background-media":"","overlay-type":"","overlay-color":"","overlay-opacity":"","overlay-gradient":""}}},"product_brand":[],"product_cat":[25],"product_tag":[],"class_list":{"0":"post-5378","1":"product","2":"type-product","3":"status-publish","4":"has-post-thumbnail","6":"product_cat-restaurateur","7":"desktop-align-center","8":"tablet-align-center","9":"mobile-align-center","11":"first","12":"instock","13":"shipping-taxable","14":"product-type-simple"},"uagb_featured_image_src":{"full":["https:\/\/cacaoancestral.com\/chocolate\/wp-content\/uploads\/2026\/04\/KilaFotoGrande.jpg",1500,1500,false],"thumbnail":["https:\/\/cacaoancestral.com\/chocolate\/wp-content\/uploads\/2026\/04\/KilaFotoGrande-150x150.jpg",150,150,true],"medium":["https:\/\/cacaoancestral.com\/chocolate\/wp-content\/uploads\/2026\/04\/KilaFotoGrande-300x300.jpg",300,300,true],"medium_large":["https:\/\/cacaoancestral.com\/chocolate\/wp-content\/uploads\/2026\/04\/KilaFotoGrande-768x768.jpg",768,768,true],"large":["https:\/\/cacaoancestral.com\/chocolate\/wp-content\/uploads\/2026\/04\/KilaFotoGrande-1024x1024.jpg",1024,1024,true],"1536x1536":["https:\/\/cacaoancestral.com\/chocolate\/wp-content\/uploads\/2026\/04\/KilaFotoGrande.jpg",1500,1500,false],"2048x2048":["https:\/\/cacaoancestral.com\/chocolate\/wp-content\/uploads\/2026\/04\/KilaFotoGrande.jpg",1500,1500,false],"woocommerce_thumbnail":["https:\/\/cacaoancestral.com\/chocolate\/wp-content\/uploads\/2026\/04\/KilaFotoGrande-300x300.jpg",300,300,true],"woocommerce_single":["https:\/\/cacaoancestral.com\/chocolate\/wp-content\/uploads\/2026\/04\/KilaFotoGrande-600x600.jpg",600,600,true],"woocommerce_gallery_thumbnail":["https:\/\/cacaoancestral.com\/chocolate\/wp-content\/uploads\/2026\/04\/KilaFotoGrande-100x100.jpg",100,100,true]},"uagb_author_info":{"display_name":"freddydab@gmail.com","author_link":"https:\/\/cacaoancestral.com\/chocolate\/author\/"},"uagb_comment_info":0,"uagb_excerpt":"Almendras de Macambo","_links":{"self":[{"href":"https:\/\/cacaoancestral.com\/chocolate\/wp-json\/wp\/v2\/product\/5378","targetHints":{"allow":["GET"]}}],"collection":[{"href":"https:\/\/cacaoancestral.com\/chocolate\/wp-json\/wp\/v2\/product"}],"about":[{"href":"https:\/\/cacaoancestral.com\/chocolate\/wp-json\/wp\/v2\/types\/product"}],"replies":[{"embeddable":true,"href":"https:\/\/cacaoancestral.com\/chocolate\/wp-json\/wp\/v2\/comments?post=5378"}],"wp:featuredmedia":[{"embeddable":true,"href":"https:\/\/cacaoancestral.com\/chocolate\/wp-json\/wp\/v2\/media\/5379"}],"wp:attachment":[{"href":"https:\/\/cacaoancestral.com\/chocolate\/wp-json\/wp\/v2\/media?parent=5378"}],"wp:term":[{"taxonomy":"product_brand","embeddable":true,"href":"https:\/\/cacaoancestral.com\/chocolate\/wp-json\/wp\/v2\/product_brand?post=5378"},{"taxonomy":"product_cat","embeddable":true,"href":"https:\/\/cacaoancestral.com\/chocolate\/wp-json\/wp\/v2\/product_cat?post=5378"},{"taxonomy":"product_tag","embeddable":true,"href":"https:\/\/cacaoancestral.com\/chocolate\/wp-json\/wp\/v2\/product_tag?post=5378"}],"curies":[{"name":"wp","href":"https:\/\/api.w.org\/{rel}","templated":true}]}}